{"id":868,"date":"2025-07-04T11:02:55","date_gmt":"2025-07-04T09:02:55","guid":{"rendered":"https:\/\/evazahinoclinicadental.com\/declaracion-de-accesibilidad\/"},"modified":"2026-03-02T11:00:07","modified_gmt":"2026-03-02T10:00:07","slug":"declaracion-de-accesibilidad","status":"publish","type":"page","link":"https:\/\/evazahinoclinicadental.com\/en\/declaracion-de-accesibilidad\/","title":{"rendered":"Accessibility Statement"},"content":{"rendered":"\t\t<div data-elementor-type=\"wp-page\" data-elementor-id=\"868\" class=\"elementor elementor-868 elementor-138\" data-elementor-post-type=\"page\">\n\t\t\t\t<div class=\"elementor-element elementor-element-51a7593 e-flex e-con-boxed e-con e-parent\" data-id=\"51a7593\" data-element_type=\"container\" data-e-type=\"container\" data-settings=\"{&quot;background_background&quot;:&quot;classic&quot;}\">\n\t\t\t\t\t<div class=\"e-con-inner\">\n\t\t\t\t<div class=\"elementor-element elementor-element-756b674 elementor-widget elementor-widget-heading\" data-id=\"756b674\" data-element_type=\"widget\" data-e-type=\"widget\" data-widget_type=\"heading.default\">\n\t\t\t\t<div class=\"elementor-widget-container\">\n\t\t\t\t\t<h1 class=\"elementor-heading-title elementor-size-default\">Declaraci\u00f3n de Accesibilidad<\/h1>\t\t\t\t<\/div>\n\t\t\t\t<\/div>\n\t\t\t\t\t<\/div>\n\t\t\t\t<\/div>\n\t\t<div class=\"elementor-element elementor-element-adf4705 e-flex e-con-boxed e-con e-parent\" data-id=\"adf4705\" data-element_type=\"container\" data-e-type=\"container\">\n\t\t\t\t\t<div class=\"e-con-inner\">\n\t\t\t\t<div class=\"elementor-element elementor-element-5a63410 elementor-widget elementor-widget-text-editor\" data-id=\"5a63410\" data-element_type=\"widget\" data-e-type=\"widget\" data-widget_type=\"text-editor.default\">\n\t\t\t\t<div class=\"elementor-widget-container\">\n\t\t\t\t\t\t\t\t\t<p>En este portal encontrar\u00e1 informaci\u00f3n sobre las directrices de accesibilidad aplicadas a los contenidos de la web <span style=\"color: #897e77;\"><a class=\"\" style=\"color: #897e77;\" href=\"https:\/\/www.evazahinoclinicadental.com\" target=\"_new\" rel=\"noopener\" data-start=\"329\" data-end=\"409\">https:\/\/www.evazahinoclinicadental.com<\/a><\/span> con el objetivo de garantizar que las personas con discapacidad o de edad avanzada puedan acceder a los mismos, cumpliendo as\u00ed con lo establecido por la Ley de Servicios de la Sociedad de la Informaci\u00f3n y el Comercio Electr\u00f3nico para los sitios web.<\/p>\t\t\t\t\t\t\t\t<\/div>\n\t\t\t\t<\/div>\n\t\t\t\t<div class=\"elementor-element elementor-element-8e5b4ae elementor-widget elementor-widget-heading\" data-id=\"8e5b4ae\" data-element_type=\"widget\" data-e-type=\"widget\" data-widget_type=\"heading.default\">\n\t\t\t\t<div class=\"elementor-widget-container\">\n\t\t\t\t\t<h2 class=\"elementor-heading-title elementor-size-default\">1. Compromiso<\/h2>\t\t\t\t<\/div>\n\t\t\t\t<\/div>\n\t\t\t\t<div class=\"elementor-element elementor-element-c504bb9 elementor-widget elementor-widget-text-editor\" data-id=\"c504bb9\" data-element_type=\"widget\" data-e-type=\"widget\" data-widget_type=\"text-editor.default\">\n\t\t\t\t<div class=\"elementor-widget-container\">\n\t\t\t\t\t\t\t\t\t<p data-start=\"681\" data-end=\"1216\">Eva Zah\u00edno Cl\u00ednica Dental se ha comprometido a cumplir con el Real Decreto 1112\/2018, de 7 de septiembre, sobre accesibilidad de los sitios web y aplicaciones para dispositivos m\u00f3viles, que traspone la directiva (UE) 2016\/2102, del Parlamento Europeo y del Consejo, de 26 de octubre de 2016. Con este compromiso, Eva Zah\u00edno Cl\u00ednica Dental busca garantizar un acceso universal a la informaci\u00f3n que se encuentra en su sitio web, ofreciendo herramientas no excluyentes y proporcionando una experiencia de usuario lo m\u00e1s accesible posible.<\/p><p data-start=\"1218\" data-end=\"1608\">Los contenidos publicados en el sitio web de Eva Zah\u00edno Cl\u00ednica Dental deben ser consultados y utilizados independientemente de las circunstancias personales de los usuarios, como discapacidades, diversidad funcional o edad avanzada, as\u00ed como de las limitaciones derivadas del entorno o contexto de uso, como el dispositivo utilizado, la velocidad de conexi\u00f3n o las condiciones ambientales.<\/p><p data-start=\"1610\" data-end=\"2022\">El dise\u00f1o de la interfaz debe adaptarse a las personas y no al rev\u00e9s, permitiendo una navegaci\u00f3n f\u00e1cil y accesible para todos. Adem\u00e1s, los contenidos deben presentarse correctamente en m\u00faltiples dispositivos y ser compatibles con herramientas de asistencia. Con esto, buscamos garantizar una experiencia satisfactoria para todos los visitantes del sitio web, independientemente de sus habilidades o limitaciones.<\/p><p data-start=\"2024\" data-end=\"2245\">La presente declaraci\u00f3n de accesibilidad se aplica al sitio web <span style=\"color: #897e77;\"><a class=\"\" style=\"color: #897e77;\" href=\"https:\/\/www.evazahinoclinicadental.com\" target=\"_new\" rel=\"noopener\" data-start=\"2088\" data-end=\"2168\">https:\/\/www.evazahinoclinicadental.com<\/a><\/span>, y la cl\u00ednica seguir\u00e1 trabajando para mejorar su accesibilidad en el futuro.<\/p>\t\t\t\t\t\t\t\t<\/div>\n\t\t\t\t<\/div>\n\t\t\t\t<div class=\"elementor-element elementor-element-d3b91c2 elementor-widget elementor-widget-heading\" data-id=\"d3b91c2\" data-element_type=\"widget\" data-e-type=\"widget\" data-widget_type=\"heading.default\">\n\t\t\t\t<div class=\"elementor-widget-container\">\n\t\t\t\t\t<h2 class=\"elementor-heading-title elementor-size-default\">2. Situaci\u00f3n de cumplimiento<\/h2>\t\t\t\t<\/div>\n\t\t\t\t<\/div>\n\t\t\t\t<div class=\"elementor-element elementor-element-4f57ede elementor-widget elementor-widget-text-editor\" data-id=\"4f57ede\" data-element_type=\"widget\" data-e-type=\"widget\" data-widget_type=\"text-editor.default\">\n\t\t\t\t<div class=\"elementor-widget-container\">\n\t\t\t\t\t\t\t\t\t<p data-start=\"2282\" data-end=\"2569\">Para garantizar la accesibilidad del sitio, se ha llevado a cabo un proceso de autoevaluaci\u00f3n con el objetivo de determinar su conformidad con el Real Decreto 1112\/2018. Tras este an\u00e1lisis, se ha determinado que el sitio web presenta ciertas faltas de conformidad con dicho Real Decreto.<\/p><p data-start=\"2571\" data-end=\"2881\">En concreto, se han identificado aspectos que no cumplen con las especificaciones establecidas, lo que afecta a la accesibilidad del sitio web. A pesar de ello, el sitio es parcialmente conforme con el Real Decreto 1112\/2018, ya que presenta m\u00faltiples elementos que cumplen con las normativas de accesibilidad.<\/p><p data-start=\"2883\" data-end=\"3113\">Aunque se han detectado estas faltas de conformidad, Eva Zah\u00edno Cl\u00ednica Dental est\u00e1 comprometida con mejorar la accesibilidad de su sitio web y trabajar para alcanzar una conformidad total con el Real Decreto en un futuro cercano.<\/p>\t\t\t\t\t\t\t\t<\/div>\n\t\t\t\t<\/div>\n\t\t\t\t<div class=\"elementor-element elementor-element-8544d18 elementor-widget elementor-widget-heading\" data-id=\"8544d18\" data-element_type=\"widget\" data-e-type=\"widget\" data-widget_type=\"heading.default\">\n\t\t\t\t<div class=\"elementor-widget-container\">\n\t\t\t\t\t<h2 class=\"elementor-heading-title elementor-size-default\">3. Caracter\u00edsticas t\u00e9cnicas<\/h2>\t\t\t\t<\/div>\n\t\t\t\t<\/div>\n\t\t\t\t<div class=\"elementor-element elementor-element-2a06c0c elementor-widget elementor-widget-text-editor\" data-id=\"2a06c0c\" data-element_type=\"widget\" data-e-type=\"widget\" data-widget_type=\"text-editor.default\">\n\t\t\t\t<div class=\"elementor-widget-container\">\n\t\t\t\t\t\t\t\t\t<p data-start=\"3149\" data-end=\"3333\">Para garantizar la accesibilidad del sitio web, se han adoptado diversas medidas que mejoran la experiencia de navegaci\u00f3n para las personas con discapacidad. Algunas de ellas incluyen:<\/p><p data-start=\"3335\" data-end=\"4578\">\u2705 Lenguaje claro y coherente en la estructura de los contenidos, facilitando su comprensi\u00f3n.<br data-start=\"3427\" data-end=\"3430\" \/>\u2705 Uso de c\u00f3digo est\u00e1ndar (X)HTML y CSS, asegurando una correcta organizaci\u00f3n de la informaci\u00f3n y su compatibilidad con diferentes dispositivos.<br data-start=\"3573\" data-end=\"3576\" \/>\u2705 Compatibilidad con lectores de pantalla, facilitando el acceso a personas con discapacidad visual.<br data-start=\"3676\" data-end=\"3679\" \/>\u2705 Tama\u00f1o de fuente legible y suficiente contraste, permitiendo ajustes de accesibilidad mediante las herramientas del navegador.<br data-start=\"3807\" data-end=\"3810\" \/>\u2705 Alternativas textuales para las im\u00e1genes (excepto las decorativas), proporcionando informaci\u00f3n accesible a usuarios con limitaciones visuales.<br data-start=\"3954\" data-end=\"3957\" \/>\u2705 Navegaci\u00f3n sin necesidad de Javascript, garantizando el acceso incluso a usuarios con navegadores que no admiten esta tecnolog\u00eda.<br data-start=\"4088\" data-end=\"4091\" \/>\u2705 Evitar el uso de ventanas emergentes, gr\u00e1ficos en movimiento y destellos, minimizando distracciones y garantizando una experiencia de navegaci\u00f3n estable.<br data-start=\"4246\" data-end=\"4249\" \/>\u2705 Uso de enlaces con etiquetas \u00abtitle\u00bb descriptivas, mejorando la accesibilidad y la usabilidad.<br data-start=\"4345\" data-end=\"4348\" \/>\u2705 Formularios accesibles con etiquetas descriptivas, facilitando su uso a personas con discapacidad.<br data-start=\"4448\" data-end=\"4451\" \/>\u2705 Gestor de contenidos accesible, permitiendo mantener el cumplimiento de las mejores pr\u00e1cticas de accesibilidad con el tiempo.<\/p><p data-start=\"4580\" data-end=\"4763\">Estas medidas est\u00e1n orientadas a evitar barreras de acceso, garantizar la compatibilidad con distintos navegadores y dispositivos, y mantener una accesibilidad \u00f3ptima en todo momento.<\/p>\t\t\t\t\t\t\t\t<\/div>\n\t\t\t\t<\/div>\n\t\t\t\t<div class=\"elementor-element elementor-element-0ba72a0 elementor-widget elementor-widget-heading\" data-id=\"0ba72a0\" data-element_type=\"widget\" data-e-type=\"widget\" data-widget_type=\"heading.default\">\n\t\t\t\t<div class=\"elementor-widget-container\">\n\t\t\t\t\t<h2 class=\"elementor-heading-title elementor-size-default\">4. Lectura de contenidos<\/h2>\t\t\t\t<\/div>\n\t\t\t\t<\/div>\n\t\t\t\t<div class=\"elementor-element elementor-element-39bf919 elementor-widget elementor-widget-text-editor\" data-id=\"39bf919\" data-element_type=\"widget\" data-e-type=\"widget\" data-widget_type=\"text-editor.default\">\n\t\t\t\t<div class=\"elementor-widget-container\">\n\t\t\t\t\t\t\t\t\t<p data-start=\"4796\" data-end=\"5073\">Este portal ofrece una funcionalidad de conversi\u00f3n de texto a voz, permitiendo a los usuarios escuchar los contenidos de las p\u00e1ginas web en una variedad de dispositivos, como ordenadores, tel\u00e9fonos m\u00f3viles, tablets, reproductores MP3 y otros dispositivos con acceso a Internet.<\/p><p data-start=\"5075\" data-end=\"5399\">El usuario no necesita descargar ni instalar software adicional. Simplemente debe hacer clic en el bot\u00f3n \u00abEscuchar\u00bb para iniciar la lectura en voz alta. Adem\u00e1s, al seleccionar una parte del texto, aparecer\u00e1 autom\u00e1ticamente un bot\u00f3n de reproducci\u00f3n junto al cursor del rat\u00f3n, facilitando la lectura de fragmentos espec\u00edficos.<\/p><p data-start=\"5401\" data-end=\"5435\">Esta funcionalidad permite adem\u00e1s:<\/p><p data-start=\"5437\" data-end=\"5763\">\ud83d\udd39 Resaltar el texto mientras se lee, palabra por palabra o frase por frase.<br data-start=\"5513\" data-end=\"5516\" \/>\ud83d\udd39 Ajustar la velocidad de lectura y los colores de resaltado del texto.<br data-start=\"5588\" data-end=\"5591\" \/>\ud83d\udd39 Facilitar la comprensi\u00f3n a personas con dislexia, baja visi\u00f3n o dificultades cognitivas.<br data-start=\"5682\" data-end=\"5685\" \/>\ud83d\udd39 Beneficiar a usuarios que prefieren consumir contenido en formato auditivo.<\/p><p data-start=\"5765\" data-end=\"5935\">Este sistema es especialmente \u00fatil para personas con discapacidad visual, dificultades de lectura o comprensi\u00f3n, dislexia, o aquellas cuyo idioma nativo no es el espa\u00f1ol.<\/p>\t\t\t\t\t\t\t\t<\/div>\n\t\t\t\t<\/div>\n\t\t\t\t<div class=\"elementor-element elementor-element-4fa7a74 elementor-widget elementor-widget-heading\" data-id=\"4fa7a74\" data-element_type=\"widget\" data-e-type=\"widget\" data-widget_type=\"heading.default\">\n\t\t\t\t<div class=\"elementor-widget-container\">\n\t\t\t\t\t<h2 class=\"elementor-heading-title elementor-size-default\">5. Contacto y sugerencias<\/h2>\t\t\t\t<\/div>\n\t\t\t\t<\/div>\n\t\t\t\t<div class=\"elementor-element elementor-element-3a229b5 elementor-widget elementor-widget-text-editor\" data-id=\"3a229b5\" data-element_type=\"widget\" data-e-type=\"widget\" data-widget_type=\"text-editor.default\">\n\t\t\t\t<div class=\"elementor-widget-container\">\n\t\t\t\t\t\t\t\t\t<p data-start=\"5969\" data-end=\"6155\">Si encuentras dificultades para acceder a alg\u00fan contenido o quieres hacer una sugerencia para mejorar la accesibilidad del sitio web, puedes ponerte en contacto con nosotros a trav\u00e9s de:<\/p><p data-start=\"6157\" data-end=\"6335\">\ud83d\udce7 <strong data-start=\"6160\" data-end=\"6183\">Correo electr\u00f3nico:<\/strong> <a class=\"cursor-pointer\" rel=\"noopener\" data-start=\"6184\" data-end=\"6216\">evazahinoclinicadental@gmail.com<\/a><br data-start=\"6216\" data-end=\"6219\" \/>\ud83d\udcde <strong data-start=\"6222\" data-end=\"6235\">Tel\u00e9fono:<\/strong> <em data-start=\"6236\" data-end=\"6258\">(a\u00f1adir si se desea)<\/em><br data-start=\"6258\" data-end=\"6261\" \/>\ud83d\udccd <strong data-start=\"6264\" data-end=\"6278\">Direcci\u00f3n:<\/strong> c\/ Rub\u00e9n Dar\u00edo 6, esquina c\/ Gorgos 13, 46021 Valencia<\/p>\t\t\t\t\t\t\t\t<\/div>\n\t\t\t\t<\/div>\n\t\t\t\t\t<\/div>\n\t\t\t\t<\/div>\n\t\t\t\t<\/div>\n\t\t","protected":false},"excerpt":{"rendered":"<p>Declaraci\u00f3n de Accesibilidad En este portal encontrar\u00e1 informaci\u00f3n sobre las directrices de accesibilidad aplicadas a los contenidos de la web https:\/\/www.evazahinoclinicadental.com con el objetivo de garantizar que las personas con discapacidad o de edad avanzada puedan acceder a los mismos, cumpliendo as\u00ed con lo establecido por la Ley de Servicios de la Sociedad de la [&hellip;]<\/p>\n","protected":false},"author":20893,"featured_media":0,"parent":0,"menu_order":0,"comment_status":"closed","ping_status":"closed","template":"","meta":{"footnotes":""},"class_list":["post-868","page","type-page","status-publish","hentry"],"yoast_head":"<!-- This site is optimized with the Yoast SEO plugin v27.0 - https:\/\/yoast.com\/product\/yoast-seo-wordpress\/ -->\n<title>Accessibility Statement - Eva Zah\u00edno Cl\u00ednica Dental<\/title>\n<meta name=\"robots\" content=\"index, follow, max-snippet:-1, max-image-preview:large, max-video-preview:-1\" \/>\n<link rel=\"canonical\" href=\"https:\/\/evazahinoclinicadental.com\/en\/declaracion-de-accesibilidad\/\" \/>\n<meta property=\"og:locale\" content=\"en_US\" \/>\n<meta property=\"og:type\" content=\"article\" \/>\n<meta property=\"og:title\" content=\"Accessibility Statement - Eva Zah\u00edno Cl\u00ednica Dental\" \/>\n<meta property=\"og:description\" content=\"Declaraci\u00f3n de Accesibilidad En este portal encontrar\u00e1 informaci\u00f3n sobre las directrices de accesibilidad aplicadas a los contenidos de la web https:\/\/www.evazahinoclinicadental.com con el objetivo de garantizar que las personas con discapacidad o de edad avanzada puedan acceder a los mismos, cumpliendo as\u00ed con lo establecido por la Ley de Servicios de la Sociedad de la [&hellip;]\" \/>\n<meta property=\"og:url\" content=\"https:\/\/evazahinoclinicadental.com\/en\/declaracion-de-accesibilidad\/\" \/>\n<meta property=\"og:site_name\" content=\"Eva Zah\u00edno Cl\u00ednica Dental\" \/>\n<meta property=\"article:modified_time\" content=\"2026-03-02T10:00:07+00:00\" \/>\n<meta name=\"twitter:card\" content=\"summary_large_image\" \/>\n<meta name=\"twitter:label1\" content=\"Est. reading time\" \/>\n\t<meta name=\"twitter:data1\" content=\"5 minutes\" \/>\n<script type=\"application\/ld+json\" class=\"yoast-schema-graph\">{\"@context\":\"https:\/\/schema.org\",\"@graph\":[{\"@type\":\"WebPage\",\"@id\":\"https:\/\/evazahinoclinicadental.com\/en\/declaracion-de-accesibilidad\/\",\"url\":\"https:\/\/evazahinoclinicadental.com\/en\/declaracion-de-accesibilidad\/\",\"name\":\"Accessibility Statement - Eva Zah\u00edno Cl\u00ednica Dental\",\"isPartOf\":{\"@id\":\"https:\/\/evazahinoclinicadental.com\/#website\"},\"datePublished\":\"2025-07-04T09:02:55+00:00\",\"dateModified\":\"2026-03-02T10:00:07+00:00\",\"breadcrumb\":{\"@id\":\"https:\/\/evazahinoclinicadental.com\/en\/declaracion-de-accesibilidad\/#breadcrumb\"},\"inLanguage\":\"en-US\",\"potentialAction\":[{\"@type\":\"ReadAction\",\"target\":[\"https:\/\/evazahinoclinicadental.com\/en\/declaracion-de-accesibilidad\/\"]}]},{\"@type\":\"BreadcrumbList\",\"@id\":\"https:\/\/evazahinoclinicadental.com\/en\/declaracion-de-accesibilidad\/#breadcrumb\",\"itemListElement\":[{\"@type\":\"ListItem\",\"position\":1,\"name\":\"Portada\",\"item\":\"https:\/\/evazahinoclinicadental.com\/en\/\"},{\"@type\":\"ListItem\",\"position\":2,\"name\":\"Accessibility Statement\"}]},{\"@type\":\"WebSite\",\"@id\":\"https:\/\/evazahinoclinicadental.com\/#website\",\"url\":\"https:\/\/evazahinoclinicadental.com\/\",\"name\":\"Eva Zah\u00edno Cl\u00ednica Dental\",\"description\":\"\",\"publisher\":{\"@id\":\"https:\/\/evazahinoclinicadental.com\/#organization\"},\"potentialAction\":[{\"@type\":\"SearchAction\",\"target\":{\"@type\":\"EntryPoint\",\"urlTemplate\":\"https:\/\/evazahinoclinicadental.com\/?s={search_term_string}\"},\"query-input\":{\"@type\":\"PropertyValueSpecification\",\"valueRequired\":true,\"valueName\":\"search_term_string\"}}],\"inLanguage\":\"en-US\"},{\"@type\":\"Organization\",\"@id\":\"https:\/\/evazahinoclinicadental.com\/#organization\",\"name\":\"Eva Zah\u00edno Cl\u00ednica Dental\",\"url\":\"https:\/\/evazahinoclinicadental.com\/\",\"logo\":{\"@type\":\"ImageObject\",\"inLanguage\":\"en-US\",\"@id\":\"https:\/\/evazahinoclinicadental.com\/#\/schema\/logo\/image\/\",\"url\":\"https:\/\/evazahinoclinicadental.com\/wp-content\/uploads\/2025\/06\/logoevazahino-amarillo.png\",\"contentUrl\":\"https:\/\/evazahinoclinicadental.com\/wp-content\/uploads\/2025\/06\/logoevazahino-amarillo.png\",\"width\":1201,\"height\":311,\"caption\":\"Eva Zah\u00edno Cl\u00ednica Dental\"},\"image\":{\"@id\":\"https:\/\/evazahinoclinicadental.com\/#\/schema\/logo\/image\/\"}}]}<\/script>\n<!-- \/ Yoast SEO plugin. -->","yoast_head_json":{"title":"Accessibility Statement - Eva Zah\u00edno Cl\u00ednica Dental","robots":{"index":"index","follow":"follow","max-snippet":"max-snippet:-1","max-image-preview":"max-image-preview:large","max-video-preview":"max-video-preview:-1"},"canonical":"https:\/\/evazahinoclinicadental.com\/en\/declaracion-de-accesibilidad\/","og_locale":"en_US","og_type":"article","og_title":"Accessibility Statement - Eva Zah\u00edno Cl\u00ednica Dental","og_description":"Declaraci\u00f3n de Accesibilidad En este portal encontrar\u00e1 informaci\u00f3n sobre las directrices de accesibilidad aplicadas a los contenidos de la web https:\/\/www.evazahinoclinicadental.com con el objetivo de garantizar que las personas con discapacidad o de edad avanzada puedan acceder a los mismos, cumpliendo as\u00ed con lo establecido por la Ley de Servicios de la Sociedad de la [&hellip;]","og_url":"https:\/\/evazahinoclinicadental.com\/en\/declaracion-de-accesibilidad\/","og_site_name":"Eva Zah\u00edno Cl\u00ednica Dental","article_modified_time":"2026-03-02T10:00:07+00:00","twitter_card":"summary_large_image","twitter_misc":{"Est. reading time":"5 minutes"},"schema":{"@context":"https:\/\/schema.org","@graph":[{"@type":"WebPage","@id":"https:\/\/evazahinoclinicadental.com\/en\/declaracion-de-accesibilidad\/","url":"https:\/\/evazahinoclinicadental.com\/en\/declaracion-de-accesibilidad\/","name":"Accessibility Statement - Eva Zah\u00edno Cl\u00ednica Dental","isPartOf":{"@id":"https:\/\/evazahinoclinicadental.com\/#website"},"datePublished":"2025-07-04T09:02:55+00:00","dateModified":"2026-03-02T10:00:07+00:00","breadcrumb":{"@id":"https:\/\/evazahinoclinicadental.com\/en\/declaracion-de-accesibilidad\/#breadcrumb"},"inLanguage":"en-US","potentialAction":[{"@type":"ReadAction","target":["https:\/\/evazahinoclinicadental.com\/en\/declaracion-de-accesibilidad\/"]}]},{"@type":"BreadcrumbList","@id":"https:\/\/evazahinoclinicadental.com\/en\/declaracion-de-accesibilidad\/#breadcrumb","itemListElement":[{"@type":"ListItem","position":1,"name":"Portada","item":"https:\/\/evazahinoclinicadental.com\/en\/"},{"@type":"ListItem","position":2,"name":"Accessibility Statement"}]},{"@type":"WebSite","@id":"https:\/\/evazahinoclinicadental.com\/#website","url":"https:\/\/evazahinoclinicadental.com\/","name":"Eva Zah\u00edno Cl\u00ednica Dental","description":"","publisher":{"@id":"https:\/\/evazahinoclinicadental.com\/#organization"},"potentialAction":[{"@type":"SearchAction","target":{"@type":"EntryPoint","urlTemplate":"https:\/\/evazahinoclinicadental.com\/?s={search_term_string}"},"query-input":{"@type":"PropertyValueSpecification","valueRequired":true,"valueName":"search_term_string"}}],"inLanguage":"en-US"},{"@type":"Organization","@id":"https:\/\/evazahinoclinicadental.com\/#organization","name":"Eva Zah\u00edno Cl\u00ednica Dental","url":"https:\/\/evazahinoclinicadental.com\/","logo":{"@type":"ImageObject","inLanguage":"en-US","@id":"https:\/\/evazahinoclinicadental.com\/#\/schema\/logo\/image\/","url":"https:\/\/evazahinoclinicadental.com\/wp-content\/uploads\/2025\/06\/logoevazahino-amarillo.png","contentUrl":"https:\/\/evazahinoclinicadental.com\/wp-content\/uploads\/2025\/06\/logoevazahino-amarillo.png","width":1201,"height":311,"caption":"Eva Zah\u00edno Cl\u00ednica Dental"},"image":{"@id":"https:\/\/evazahinoclinicadental.com\/#\/schema\/logo\/image\/"}}]}},"_links":{"self":[{"href":"https:\/\/evazahinoclinicadental.com\/en\/wp-json\/wp\/v2\/pages\/868","targetHints":{"allow":["GET"]}}],"collection":[{"href":"https:\/\/evazahinoclinicadental.com\/en\/wp-json\/wp\/v2\/pages"}],"about":[{"href":"https:\/\/evazahinoclinicadental.com\/en\/wp-json\/wp\/v2\/types\/page"}],"author":[{"embeddable":true,"href":"https:\/\/evazahinoclinicadental.com\/en\/wp-json\/wp\/v2\/users\/20893"}],"replies":[{"embeddable":true,"href":"https:\/\/evazahinoclinicadental.com\/en\/wp-json\/wp\/v2\/comments?post=868"}],"version-history":[{"count":1,"href":"https:\/\/evazahinoclinicadental.com\/en\/wp-json\/wp\/v2\/pages\/868\/revisions"}],"predecessor-version":[{"id":989,"href":"https:\/\/evazahinoclinicadental.com\/en\/wp-json\/wp\/v2\/pages\/868\/revisions\/989"}],"wp:attachment":[{"href":"https:\/\/evazahinoclinicadental.com\/en\/wp-json\/wp\/v2\/media?parent=868"}],"curies":[{"name":"wp","href":"https:\/\/api.w.org\/{rel}","templated":true}]}}